{"id":4580,"date":"2022-08-17T16:40:04","date_gmt":"2022-08-17T14:40:04","guid":{"rendered":"https:\/\/heiligenblut.cs4web.at\/datenschutzerklaerung\/"},"modified":"2023-03-01T12:58:04","modified_gmt":"2023-03-01T11:58:04","slug":"data-privacy","status":"publish","type":"page","link":"https:\/\/heiligenblut.cs4web.at\/en\/data-privacy\/","title":{"rendered":"Data privacy"},"content":{"rendered":"\n<p>By using the website, you agree to these privacy terms. Operator of the website is:<\/p>\n\n\n\n<p><strong>Tourist Association Heiligenblut am Gro\u00dfglockner<br><\/strong>located in A-9844 Heiligenblut am Gro\u00dfglockner, Austria<\/p>\n\n\n\n<p>This privacy policy applies regardless of the end device from which the website is accessed. The purpose of this privacy policy is to inform you in detail about how we handle your data.<\/p>\n\n\n\n<h3 class=\"wp-block-heading\">Purpose of data collection<\/h3>\n\n\n\n<p>The website can be used at any time without providing personal data. Only access data is stored without reference to the person. This data helps us to improve our performance and services and does not allow any conclusions to be drawn about the individual person. However, some of the benefits and services offered require website users to voluntarily disclose certain personal information on our website. In order to provide and process these services, we need the ability to contact the customer and other information. We use this data to fulfill our obligations to our users and customers, as well as to advertise for our own purposes.<\/p>\n\n\n\n<h3 class=\"wp-block-heading\">Data processing and use<\/h3>\n\n\n\n<p>Your data will be processed and used by us in order to provide the services on the website in the best possible way. The data helps us, among other things, to process transactions requested by you and to make our website user-friendly.<\/p>\n\n\n\n<h3 class=\"wp-block-heading\">Processing and use of personal data<\/h3>\n\n\n\n<p>We process and use your personal data only if you provide us with this data voluntarily. In most cases, this is done in connection with a service on our website (e.g. newsletter registration, Infoline callback assistant) or the provision of a service (e.g. booking or inquiry). User or customer data is used exclusively for the purpose of fulfilling our services and for advertising our own offers.<\/p>\n\n\n\n<h3 class=\"wp-block-heading\">Disclosure of personal data<\/h3>\n\n\n\n<p>Personal data submitted online will only be disclosed to third parties with your prior consent or if required by law. Legal obligations are understood to mean, in particular, judicial or administrative orders to hand over data in connection with unlawful acts. Excluded from this is the transfer of data insofar as this is directly necessary for the fulfillment of contractual obligations, such as the processing of payments to the credit institution commissioned with the payment or the transfer of data to shipping companies commissioned with the delivery.<\/p>\n\n\n\n<h3 class=\"wp-block-heading\">Cookies use<\/h3>\n\n\n\n<p>We use cookies on our website to provide you with certain services on the website and to continuously improve the usability and functionality of our website. For these reasons, anonymized data of visitors to our website is collected and stored, and usage profiles are created using pseudonyms, as well as merged with personal data about the bearer of the pseudonym. Among other things, cookies are used to recognize your Internet browser. Cookies are small text files that are stored on your computer. With the help of cookies, it is possible to analyze the browsing habits of website visitors and to adapt the website more closely to the needs of users. Cookies remain stored on your computer even after your visit to our website, e.g. to save you the trouble of filling out web forms again on your next visit or to automatically recognize the personal settings of the user account.<\/p>\n\n\n<p>[borlabs-cookie type=&#8221;btn-cookie-preference&#8221; title=&#8221;Cookie-Einstellungen \u00e4ndern&#8221;\/]<\/p>\n\n\n\n<h3 class=\"wp-block-heading\">Use of Google Analytics<\/h3>\n\n\n\n<p>We use Google Analytics, a web analytics service provided by Google, Inc. (&#8220;Google&#8221;). The information generated by the cookie about your use of this website is usually transmitted to a Google server in the USA and stored there. In case of activation of IP anonymization on this website, however, your IP address will be truncated beforehand by Google within member states of the European Union or in other contracting states of the Agreement on the European Economic Area. Only in exceptional cases is the full IP address transmitted to a Google server in the USA and shortened there. On behalf of the operator of this website, Google will use this information for the purpose of evaluating your use of the website, compiling reports on website activity and providing other services relating to website activity and internet usage to the website operator. The IP address transmitted by your browser as part of Google Analytics is not merged with other data from Google. You can prevent the storage of cookies by selecting the appropriate settings on your browser software. You can also prevent the collection of data generated by the cookie and related to your use of the website (including your IP address) by Google and the processing of this data by Google by downloading and installing the browser plugin available at the following link<a href=\"https:\/\/tools.google.com\/dlpage\/gaoptout?hl=de\" target=\"_blank\" rel=\"noreferrer noopener\">(tools.google.com\/dlpage\/gaoptout?hl=en<\/a>). You can prevent the collection by Google Analytics by clicking on the following link. An opt-out cookie is set that prevents future collection of your data when visiting this website.<br>Here you can find the <a href=\"http:\/\/www.google.com\/analytics\/terms\/de.html\" target=\"_blank\" rel=\"noreferrer noopener\">terms of use<\/a> and <a href=\"https:\/\/www.google.de\/intl\/de\/policies\/\" target=\"_blank\" rel=\"noreferrer noopener\">privacy policy of<\/a> Google Analytics.<\/p>\n\n\n\n<h3 class=\"wp-block-heading\">Use of Facebook plugins<\/h3>\n\n\n\n<p>Plugins operated by Facebook are used on some subpages of our website. Facebook Inc. is a social network based in Menlo Park, California, USA. A plugin is a software module that is called and included by a website when it is opened, thereby extending the functionality of the website. The Facebook plugins are marked with the Facebook logo or with the designation &#8220;Facebook Social Plugin&#8221;. Subpages of our website that use this plugin automatically connect to Facebook&#8217;s servers in the background. Facebook then sends the content of the plugin directly to the requesting browser. The plugin is thus integrated into the website and displayed in the user&#8217;s browser. Since the browser of the visitor to our website also calls up the plugin from the Facebook server, Facebook learns that our website has been opened and transmits your IP address to Facebook. This is regardless of whether you have an account with Facebook or whether you are currently logged in as a Facebook user or not. Facebook connects your visit to our website with your Facebook account if you are a Facebook user and logged in to Facebook. As a Facebook user, you have agreed to the <a href=\"https:\/\/www.facebook.com\/legal\/terms\" target=\"_blank\" rel=\"noreferrer noopener\">Terms of Use<\/a>, the <a href=\"https:\/\/www.facebook.com\/about\/privacy\" target=\"_blank\" rel=\"noreferrer noopener\">Data Use Policy<\/a>, and the <a href=\"https:\/\/www.facebook.com\/help\/cookies\" target=\"_blank\" rel=\"noreferrer noopener\">Cookie<\/a> Use Policy. Facebook uses this information to determine certain interests and inclinations of users and, among other things, to use this data for advertising purposes.<\/p>\n\n\n\n<h3 class=\"wp-block-heading\">Use of YouTube plugins<\/h3>\n\n\n\n<p>To display videos on our website, we use Youtube, a video portal based in San Bruno, California, USA whose owner is Google Inc. is. When you access a video on our website, this video is automatically requested from a Youtube server. In this way, Youtube learns that this video has been requested and the IP address of the computer that requested this video. By using Youtube, you have accepted the <a href=\"https:\/\/www.youtube.com\/static?template=terms\" target=\"_blank\" rel=\"noreferrer noopener\">Terms of Use<\/a> and the <a href=\"https:\/\/www.google.de\/intl\/de\/policies\/privacy\/\" target=\"_blank\" rel=\"noreferrer noopener\">Privacy Policy<\/a> and agreed, among other things, that Youtube or Google may use cookies on your computer. Based on the videos you start, Youtube can generate a profile of your interests and inclinations and send you information and advertisements accordingly. After Youtube is a service of Google Inc. is, the information collected via Youtube is also used by Google and used to target advertising. This personal advertising is not only displayed on Youtube, but may also be displayed by Google or by other websites that use Google&#8217;s services. You can disable <a href=\"https:\/\/support.google.com\/ads\/answer\/2662922?hl=de\" target=\"_blank\" rel=\"noreferrer noopener\">interest-based ads from Google<\/a>.<\/p>\n\n\n\n<h3 class=\"wp-block-heading\">Right to information<\/h3>\n\n\n\n<p>You have the right to request information about your personal data stored by us at any time and free of charge. You are also entitled to have the stored personal data corrected, blocked or deleted. Furthermore, you may revoke any consent you have given (e.g. to receive the newsletter) at any time. If you have any further questions or suggestions on the subject of data protection or require information on stored personal data, please send us an e-mail, a letter or call us.<\/p>\n\n\n\n<h3 class=\"wp-block-heading\">Adform<\/h3>\n\n\n\n<p>Tracking points from Adform, Wildersgade 10B, 1408 Copenhagen, Denmark are integrated on the websites of K\u00e4rnten Werbung and its tourism region partners, which also include the tourist association Heiligenblut am Gro\u00dfglockner. This enables K\u00e4rnten Werbung and its tourism region partners to track users&#8217; actions after they have visited and navigated the websites. The collected data remains anonymous. This means that the data of individual users cannot be viewed. However, the collected data is stored and processed in Adform. We will inform you about this matter, according to our current information. These tracking points allow K\u00e4rnten Werbung and its tourism region partners to play advertising tailored to the users. For more information, visit <a href=\"https:\/\/site.adform.com\/privacy-policy-opt-out\/\">https:\/\/site.adform.com\/privacy-policy-opt-out\/<\/a><\/p>\n","protected":false},"excerpt":{"rendered":"<p>By using the website, you agree to these privacy terms. Operator of the website is: Tourist Association Heiligenblut am Gro\u00dfglocknerlocated in A-9844 Heiligenblut am Gro\u00dfglockner, Austria This privacy policy applies regardless of the end device from which the website is accessed. The purpose of this privacy policy is to inform you in detail about how [&hellip;]<\/p>\n","protected":false},"author":1,"featured_media":0,"parent":0,"menu_order":0,"comment_status":"closed","ping_status":"closed","template":"","meta":{"footnotes":""},"class_list":["post-4580","page","type-page","status-publish","hentry"],"_links":{"self":[{"href":"https:\/\/heiligenblut.cs4web.at\/en\/wp-json\/wp\/v2\/pages\/4580","targetHints":{"allow":["GET"]}}],"collection":[{"href":"https:\/\/heiligenblut.cs4web.at\/en\/wp-json\/wp\/v2\/pages"}],"about":[{"href":"https:\/\/heiligenblut.cs4web.at\/en\/wp-json\/wp\/v2\/types\/page"}],"author":[{"embeddable":true,"href":"https:\/\/heiligenblut.cs4web.at\/en\/wp-json\/wp\/v2\/users\/1"}],"replies":[{"embeddable":true,"href":"https:\/\/heiligenblut.cs4web.at\/en\/wp-json\/wp\/v2\/comments?post=4580"}],"version-history":[{"count":0,"href":"https:\/\/heiligenblut.cs4web.at\/en\/wp-json\/wp\/v2\/pages\/4580\/revisions"}],"wp:attachment":[{"href":"https:\/\/heiligenblut.cs4web.at\/en\/wp-json\/wp\/v2\/media?parent=4580"}],"curies":[{"name":"wp","href":"https:\/\/api.w.org\/{rel}","templated":true}]}}